{"id":5391,"date":"2023-01-10T08:31:00","date_gmt":"2023-01-10T08:31:00","guid":{"rendered":"https:\/\/sofia23hairsalon.com\/make-an-appointment\/"},"modified":"2024-01-15T16:18:14","modified_gmt":"2024-01-15T16:18:14","slug":"make-an-appointment","status":"publish","type":"page","link":"https:\/\/sofia23hairsalon.com\/en\/make-an-appointment\/","title":{"rendered":"Make an appointment"},"content":{"rendered":"\t\t<div data-elementor-type=\"wp-page\" data-elementor-id=\"5391\" class=\"elementor elementor-5391 elementor-1636\">\n\t\t\t\t\t\t<section class=\"elementor-section elementor-top-section elementor-element elementor-element-a2d884b elementor-section-full_width qodef-elementor-content-grid elementor-section-height-default elementor-section-height-default\" data-id=\"a2d884b\" data-element_type=\"section\" data-e-type=\"section\" data-settings=\"{&quot;background_background&quot;:&quot;classic&quot;}\">\n\t\t\t\t\t\t<div class=\"elementor-container elementor-column-gap-default\">\n\t\t\t\t\t<div class=\"elementor-column elementor-col-100 elementor-top-column elementor-element elementor-element-7f075ca\" data-id=\"7f075ca\" data-element_type=\"column\" data-e-type=\"column\">\n\t\t\t<div class=\"elementor-widget-wrap elementor-element-populated\">\n\t\t\t\t\t\t<div class=\"elementor-element elementor-element-ed8fee4 elementor-widget elementor-widget-text-editor\" data-id=\"ed8fee4\" data-element_type=\"widget\" data-e-type=\"widget\" data-widget_type=\"text-editor.default\">\n\t\t\t\t<div class=\"elementor-widget-container\">\n\t\t\t\t\t\t\t\t\t<p>Would you like to make an appointment for any of our services? You can do it by phone, WhatsApp or in person in our salon.<\/p>\n\t\t\t\t\t\t\t\t<\/div>\n\t\t\t\t<\/div>\n\t\t\t\t<section class=\"elementor-section elementor-inner-section elementor-element elementor-element-c682c45 elementor-section-boxed elementor-section-height-default elementor-section-height-default\" data-id=\"c682c45\" data-element_type=\"section\" data-e-type=\"section\">\n\t\t\t\t\t\t<div class=\"elementor-container elementor-column-gap-default\">\n\t\t\t\t\t<div class=\"elementor-column elementor-col-50 elementor-inner-column elementor-element elementor-element-713903e\" data-id=\"713903e\" data-element_type=\"column\" data-e-type=\"column\">\n\t\t\t<div class=\"elementor-widget-wrap elementor-element-populated\">\n\t\t\t\t\t\t<div class=\"elementor-element elementor-element-47bedfd elementor-widget__width-initial elementor-widget elementor-widget-paulhair_core_section_title\" data-id=\"47bedfd\" data-element_type=\"widget\" data-e-type=\"widget\" data-widget_type=\"paulhair_core_section_title.default\">\n\t\t\t\t<div class=\"elementor-widget-container\">\n\t\t\t\t\t<div class=\"qodef-shortcode qodef-m  qodef-section-title qodef-alignment--left \">\n\t\t\t<h3 class=\"qodef-m-title\" >\n\t\t\t\t\tSof\u00eda 23 \u00b7 VALENCIA\t\t\t<\/h3>\n\t<\/div>\n\t\t\t\t<\/div>\n\t\t\t\t<\/div>\n\t\t\t\t<div class=\"elementor-element elementor-element-2dc7b43 elementor-widget-divider--view-line elementor-widget elementor-widget-divider\" data-id=\"2dc7b43\" data-element_type=\"widget\" data-e-type=\"widget\" data-widget_type=\"divider.default\">\n\t\t\t\t<div class=\"elementor-widget-container\">\n\t\t\t\t\t\t\t<div class=\"elementor-divider\">\n\t\t\t<span class=\"elementor-divider-separator\">\n\t\t\t\t\t\t<\/span>\n\t\t<\/div>\n\t\t\t\t\t\t<\/div>\n\t\t\t\t<\/div>\n\t\t\t\t<div class=\"elementor-element elementor-element-16122af elementor-position-inline-start elementor-tablet-position-block-start elementor-view-default elementor-mobile-position-block-start elementor-widget elementor-widget-icon-box\" data-id=\"16122af\" data-element_type=\"widget\" data-e-type=\"widget\" data-widget_type=\"icon-box.default\">\n\t\t\t\t<div class=\"elementor-widget-container\">\n\t\t\t\t\t\t\t<div class=\"elementor-icon-box-wrapper\">\n\n\t\t\t\t\t\t<div class=\"elementor-icon-box-icon\">\n\t\t\t\t<a href=\"https:\/\/goo.gl\/maps\/GQ9jvjY9yjgBAcuV7\" target=\"_blank\" class=\"elementor-icon\" tabindex=\"-1\" aria-label=\"C\/ Grabador Esteve, 3, 46004 Valencia\">\n\t\t\t\t<i aria-hidden=\"true\" class=\"fas fa-map-marker-alt\"><\/i>\t\t\t\t<\/a>\n\t\t\t<\/div>\n\t\t\t\n\t\t\t\t\t\t<div class=\"elementor-icon-box-content\">\n\n\t\t\t\t\t\t\t\t\t<h3 class=\"elementor-icon-box-title\">\n\t\t\t\t\t\t<a href=\"https:\/\/goo.gl\/maps\/GQ9jvjY9yjgBAcuV7\" target=\"_blank\" >\n\t\t\t\t\t\t\tC\/ Grabador Esteve, 3, 46004 Valencia\t\t\t\t\t\t<\/a>\n\t\t\t\t\t<\/h3>\n\t\t\t\t\n\t\t\t\t\n\t\t\t<\/div>\n\t\t\t\n\t\t<\/div>\n\t\t\t\t\t\t<\/div>\n\t\t\t\t<\/div>\n\t\t\t\t<div class=\"elementor-element elementor-element-9ac5094 elementor-position-inline-start elementor-tablet-position-block-start elementor-view-default elementor-mobile-position-block-start elementor-widget elementor-widget-icon-box\" data-id=\"9ac5094\" data-element_type=\"widget\" data-e-type=\"widget\" data-widget_type=\"icon-box.default\">\n\t\t\t\t<div class=\"elementor-widget-container\">\n\t\t\t\t\t\t\t<div class=\"elementor-icon-box-wrapper\">\n\n\t\t\t\t\t\t<div class=\"elementor-icon-box-icon\">\n\t\t\t\t<a href=\"tel:960660788\" target=\"_blank\" class=\"elementor-icon\" tabindex=\"-1\" aria-label=\"+34 960 660 788\">\n\t\t\t\t<i aria-hidden=\"true\" class=\"fas fa-phone-alt\"><\/i>\t\t\t\t<\/a>\n\t\t\t<\/div>\n\t\t\t\n\t\t\t\t\t\t<div class=\"elementor-icon-box-content\">\n\n\t\t\t\t\t\t\t\t\t<h3 class=\"elementor-icon-box-title\">\n\t\t\t\t\t\t<a href=\"tel:960660788\" target=\"_blank\" >\n\t\t\t\t\t\t\t+34 960 660 788\t\t\t\t\t\t<\/a>\n\t\t\t\t\t<\/h3>\n\t\t\t\t\n\t\t\t\t\n\t\t\t<\/div>\n\t\t\t\n\t\t<\/div>\n\t\t\t\t\t\t<\/div>\n\t\t\t\t<\/div>\n\t\t\t\t<div class=\"elementor-element elementor-element-3ebb476 elementor-position-inline-start elementor-tablet-position-block-start elementor-view-default elementor-mobile-position-block-start elementor-widget elementor-widget-icon-box\" data-id=\"3ebb476\" data-element_type=\"widget\" data-e-type=\"widget\" data-widget_type=\"icon-box.default\">\n\t\t\t\t<div class=\"elementor-widget-container\">\n\t\t\t\t\t\t\t<div class=\"elementor-icon-box-wrapper\">\n\n\t\t\t\t\t\t<div class=\"elementor-icon-box-icon\">\n\t\t\t\t<a href=\"https:\/\/wa.me\/34667963546\" target=\"_blank\" class=\"elementor-icon\" tabindex=\"-1\" aria-label=\"+34 667 963 546\">\n\t\t\t\t<i aria-hidden=\"true\" class=\"fab fa-whatsapp\"><\/i>\t\t\t\t<\/a>\n\t\t\t<\/div>\n\t\t\t\n\t\t\t\t\t\t<div class=\"elementor-icon-box-content\">\n\n\t\t\t\t\t\t\t\t\t<h3 class=\"elementor-icon-box-title\">\n\t\t\t\t\t\t<a href=\"https:\/\/wa.me\/34667963546\" target=\"_blank\" >\n\t\t\t\t\t\t\t+34 667 963 546\t\t\t\t\t\t<\/a>\n\t\t\t\t\t<\/h3>\n\t\t\t\t\n\t\t\t\t\n\t\t\t<\/div>\n\t\t\t\n\t\t<\/div>\n\t\t\t\t\t\t<\/div>\n\t\t\t\t<\/div>\n\t\t\t\t\t<\/div>\n\t\t<\/div>\n\t\t\t\t<div class=\"elementor-column elementor-col-50 elementor-inner-column elementor-element elementor-element-d0178c8\" data-id=\"d0178c8\" data-element_type=\"column\" data-e-type=\"column\">\n\t\t\t<div class=\"elementor-widget-wrap elementor-element-populated\">\n\t\t\t\t\t\t<div class=\"elementor-element elementor-element-6cd8e6c elementor-widget__width-initial elementor-widget elementor-widget-paulhair_core_section_title\" data-id=\"6cd8e6c\" data-element_type=\"widget\" data-e-type=\"widget\" data-widget_type=\"paulhair_core_section_title.default\">\n\t\t\t\t<div class=\"elementor-widget-container\">\n\t\t\t\t\t<div class=\"qodef-shortcode qodef-m  qodef-section-title qodef-alignment--left \">\n\t\t\t<h3 class=\"qodef-m-title\" >\n\t\t\t\t\tSof\u00eda 23 \u00b7 BARCELONA\t\t\t<\/h3>\n\t<\/div>\n\t\t\t\t<\/div>\n\t\t\t\t<\/div>\n\t\t\t\t<div class=\"elementor-element elementor-element-d95244c elementor-widget-divider--view-line elementor-widget elementor-widget-divider\" data-id=\"d95244c\" data-element_type=\"widget\" data-e-type=\"widget\" data-widget_type=\"divider.default\">\n\t\t\t\t<div class=\"elementor-widget-container\">\n\t\t\t\t\t\t\t<div class=\"elementor-divider\">\n\t\t\t<span class=\"elementor-divider-separator\">\n\t\t\t\t\t\t<\/span>\n\t\t<\/div>\n\t\t\t\t\t\t<\/div>\n\t\t\t\t<\/div>\n\t\t\t\t<div class=\"elementor-element elementor-element-7f3b839 elementor-position-inline-start elementor-tablet-position-block-start elementor-view-default elementor-mobile-position-block-start elementor-widget elementor-widget-icon-box\" data-id=\"7f3b839\" data-element_type=\"widget\" data-e-type=\"widget\" data-widget_type=\"icon-box.default\">\n\t\t\t\t<div class=\"elementor-widget-container\">\n\t\t\t\t\t\t\t<div class=\"elementor-icon-box-wrapper\">\n\n\t\t\t\t\t\t<div class=\"elementor-icon-box-icon\">\n\t\t\t\t<a href=\"https:\/\/maps.app.goo.gl\/h2MwouVc4ZE6QMHp9\" target=\"_blank\" class=\"elementor-icon\" tabindex=\"-1\" aria-label=\"C\/ Calabria, 106, 08015 Barcelona\">\n\t\t\t\t<i aria-hidden=\"true\" class=\"fas fa-map-marker-alt\"><\/i>\t\t\t\t<\/a>\n\t\t\t<\/div>\n\t\t\t\n\t\t\t\t\t\t<div class=\"elementor-icon-box-content\">\n\n\t\t\t\t\t\t\t\t\t<h3 class=\"elementor-icon-box-title\">\n\t\t\t\t\t\t<a href=\"https:\/\/maps.app.goo.gl\/h2MwouVc4ZE6QMHp9\" target=\"_blank\" >\n\t\t\t\t\t\t\tC\/ Calabria, 106, 08015 Barcelona\t\t\t\t\t\t<\/a>\n\t\t\t\t\t<\/h3>\n\t\t\t\t\n\t\t\t\t\n\t\t\t<\/div>\n\t\t\t\n\t\t<\/div>\n\t\t\t\t\t\t<\/div>\n\t\t\t\t<\/div>\n\t\t\t\t<div class=\"elementor-element elementor-element-c4f7f2c elementor-position-inline-start elementor-tablet-position-block-start elementor-view-default elementor-mobile-position-block-start elementor-widget elementor-widget-icon-box\" data-id=\"c4f7f2c\" data-element_type=\"widget\" data-e-type=\"widget\" data-widget_type=\"icon-box.default\">\n\t\t\t\t<div class=\"elementor-widget-container\">\n\t\t\t\t\t\t\t<div class=\"elementor-icon-box-wrapper\">\n\n\t\t\t\t\t\t<div class=\"elementor-icon-box-icon\">\n\t\t\t\t<a href=\"tel:938766764\" target=\"_blank\" class=\"elementor-icon\" tabindex=\"-1\" aria-label=\"+34 938 766 764\">\n\t\t\t\t<i aria-hidden=\"true\" class=\"fas fa-phone-alt\"><\/i>\t\t\t\t<\/a>\n\t\t\t<\/div>\n\t\t\t\n\t\t\t\t\t\t<div class=\"elementor-icon-box-content\">\n\n\t\t\t\t\t\t\t\t\t<h3 class=\"elementor-icon-box-title\">\n\t\t\t\t\t\t<a href=\"tel:938766764\" target=\"_blank\" >\n\t\t\t\t\t\t\t+34 938 766 764\t\t\t\t\t\t<\/a>\n\t\t\t\t\t<\/h3>\n\t\t\t\t\n\t\t\t\t\n\t\t\t<\/div>\n\t\t\t\n\t\t<\/div>\n\t\t\t\t\t\t<\/div>\n\t\t\t\t<\/div>\n\t\t\t\t<div class=\"elementor-element elementor-element-d56c2ed elementor-position-inline-start elementor-tablet-position-block-start elementor-view-default elementor-mobile-position-block-start elementor-widget elementor-widget-icon-box\" data-id=\"d56c2ed\" data-element_type=\"widget\" data-e-type=\"widget\" data-widget_type=\"icon-box.default\">\n\t\t\t\t<div class=\"elementor-widget-container\">\n\t\t\t\t\t\t\t<div class=\"elementor-icon-box-wrapper\">\n\n\t\t\t\t\t\t<div class=\"elementor-icon-box-icon\">\n\t\t\t\t<a href=\"https:\/\/wa.me\/34682289466\" target=\"_blank\" class=\"elementor-icon\" tabindex=\"-1\" aria-label=\"+34 682 289 466\">\n\t\t\t\t<i aria-hidden=\"true\" class=\"fab fa-whatsapp\"><\/i>\t\t\t\t<\/a>\n\t\t\t<\/div>\n\t\t\t\n\t\t\t\t\t\t<div class=\"elementor-icon-box-content\">\n\n\t\t\t\t\t\t\t\t\t<h3 class=\"elementor-icon-box-title\">\n\t\t\t\t\t\t<a href=\"https:\/\/wa.me\/34682289466\" target=\"_blank\" >\n\t\t\t\t\t\t\t+34 682 289 466\t\t\t\t\t\t<\/a>\n\t\t\t\t\t<\/h3>\n\t\t\t\t\n\t\t\t\t\n\t\t\t<\/div>\n\t\t\t\n\t\t<\/div>\n\t\t\t\t\t\t<\/div>\n\t\t\t\t<\/div>\n\t\t\t\t\t<\/div>\n\t\t<\/div>\n\t\t\t\t\t<\/div>\n\t\t<\/section>\n\t\t\t\t\t<\/div>\n\t\t<\/div>\n\t\t\t\t\t<\/div>\n\t\t<\/section>\n\t\t\t\t<section class=\"elementor-section elementor-top-section elementor-element elementor-element-4181e96 qodef-elementor-content-grid elementor-section-boxed elementor-section-height-default elementor-section-height-default\" data-id=\"4181e96\" data-element_type=\"section\" data-e-type=\"section\">\n\t\t\t\t\t\t<div class=\"elementor-container elementor-column-gap-default\">\n\t\t\t\t\t<div class=\"elementor-column elementor-col-100 elementor-top-column elementor-element elementor-element-e4ec484\" data-id=\"e4ec484\" data-element_type=\"column\" data-e-type=\"column\">\n\t\t\t<div class=\"elementor-widget-wrap elementor-element-populated\">\n\t\t\t\t\t\t<div class=\"elementor-element elementor-element-620204e elementor-widget elementor-widget-text-editor\" data-id=\"620204e\" data-element_type=\"widget\" data-e-type=\"widget\" data-widget_type=\"text-editor.default\">\n\t\t\t\t<div class=\"elementor-widget-container\">\n\t\t\t\t\t\t\t\t\t<p>If you wish to send us a message (question, suggestion or other comment), complete the following form.<\/p>\n\t\t\t\t\t\t\t\t<\/div>\n\t\t\t\t<\/div>\n\t\t\t\t<div class=\"elementor-element elementor-element-30f9428 elementor-widget elementor-widget-spacer\" data-id=\"30f9428\" data-element_type=\"widget\" data-e-type=\"widget\" data-widget_type=\"spacer.default\">\n\t\t\t\t<div class=\"elementor-widget-container\">\n\t\t\t\t\t\t\t<div class=\"elementor-spacer\">\n\t\t\t<div class=\"elementor-spacer-inner\"><\/div>\n\t\t<\/div>\n\t\t\t\t\t\t<\/div>\n\t\t\t\t<\/div>\n\t\t\t\t<div class=\"elementor-element elementor-element-02074f4 elementor-widget elementor-widget-paulhair_core_testimonials_list\" data-id=\"02074f4\" data-element_type=\"widget\" data-e-type=\"widget\" data-widget_type=\"paulhair_core_testimonials_list.default\">\n\t\t\t\t<div class=\"elementor-widget-container\">\n\t\t\t\t\t<div class=\"qodef-shortcode qodef-m  qodef-testimonials-list  qodef-grid qodef-swiper-container  qodef-gutter--normal qodef-col-num--1 qodef-item-layout--info-below qodef-responsive--predefined qodef-swiper--show-pagination\" data-options=\"{&quot;slidesPerView&quot;:1,&quot;spaceBetween&quot;:30,&quot;loop&quot;:true,&quot;autoplay&quot;:true,&quot;speed&quot;:&quot;&quot;,&quot;speedAnimation&quot;:&quot;&quot;,&quot;slideAnimation&quot;:&quot;fade&quot;,&quot;direction&quot;:&quot;&quot;,&quot;centeredSlides&quot;:&quot;&quot;,&quot;sliderScroll&quot;:&quot;&quot;,&quot;loopAdditionalSlides&quot;:&quot;&quot;,&quot;customStages&quot;:false,&quot;slidesPerView1440&quot;:1,&quot;slidesPerView1366&quot;:1,&quot;slidesPerView1024&quot;:1,&quot;slidesPerView768&quot;:1,&quot;slidesPerView680&quot;:1,&quot;slidesPerView480&quot;:1}\">\n    \t<div class=\"swiper-wrapper\">\n\t\t<div class=\"qodef-e swiper-slide \">\n\t<div class=\"qodef-e-inner\">\n\t\t<div class=\"qodef-e-content\">\n\t\t\t<svg class=\"qodef-svg--mark-quote qodef-e-mark\" xmlns=\"http:\/\/www.w3.org\/2000\/svg\" xmlns:xlink=\"http:\/\/www.w3.org\/1999\/xlink\" width=\"18.7\" height=\"16.5\" viewBox=\"0 0 18.7 16.5\"><path d=\"M35.552,62.1V45.6h5.3l-1.2,16.5Zm-13.4,0V45.6h5.3l-1.2,16.5Z\" transform=\"translate(-22.152 -45.6)\" \/><\/svg>\t\t\t\t\t\t\t<div itemprop=\"description\" class=\"qodef-e-text\">&quot;Gente estupenda que trabaja de maravilla y te hacen sentir genial. Estupenda Merche en pelu y Alina con las u\u00f1as. Deseando volver&quot;<\/div>\n\t\t\t\t<div class=\"qodef-e-author\">\n\t\t<span class=\"qodef-e-author-name\">Lore Martinez Arnau<\/span>\t<\/div>\n\t\t<\/div>\n\t<\/div>\n<\/div>\n<div class=\"qodef-e swiper-slide \">\n\t<div class=\"qodef-e-inner\">\n\t\t<div class=\"qodef-e-content\">\n\t\t\t<svg class=\"qodef-svg--mark-quote qodef-e-mark\" xmlns=\"http:\/\/www.w3.org\/2000\/svg\" xmlns:xlink=\"http:\/\/www.w3.org\/1999\/xlink\" width=\"18.7\" height=\"16.5\" viewBox=\"0 0 18.7 16.5\"><path d=\"M35.552,62.1V45.6h5.3l-1.2,16.5Zm-13.4,0V45.6h5.3l-1.2,16.5Z\" transform=\"translate(-22.152 -45.6)\" \/><\/svg>\t\t\t\t\t\t\t<div itemprop=\"description\" class=\"qodef-e-text\">&quot;Una d\u00eda maravilloso, BeautyDay, en muy buena compa\u00f1\u00eda y resultado espectacular gracias a Merche, Alina y Mishelle!! Gran equipo, grandes profesionales!!&quot;<\/div>\n\t\t\t\t<div class=\"qodef-e-author\">\n\t\t<span class=\"qodef-e-author-name\">Silvia Mesas<\/span>\t<\/div>\n\t\t<\/div>\n\t<\/div>\n<\/div>\n<div class=\"qodef-e swiper-slide \">\n\t<div class=\"qodef-e-inner\">\n\t\t<div class=\"qodef-e-content\">\n\t\t\t<svg class=\"qodef-svg--mark-quote qodef-e-mark\" xmlns=\"http:\/\/www.w3.org\/2000\/svg\" xmlns:xlink=\"http:\/\/www.w3.org\/1999\/xlink\" width=\"18.7\" height=\"16.5\" viewBox=\"0 0 18.7 16.5\"><path d=\"M35.552,62.1V45.6h5.3l-1.2,16.5Zm-13.4,0V45.6h5.3l-1.2,16.5Z\" transform=\"translate(-22.152 -45.6)\" \/><\/svg>\t\t\t\t\t\t\t<div itemprop=\"description\" class=\"qodef-e-text\">&quot;Muy contenta con el resultado!!   y en especial a Mercedes que me puse en sus manos muy profesional y atenta, volver\u00e9\u2026&quot;<\/div>\n\t\t\t\t<div class=\"qodef-e-author\">\n\t\t<span class=\"qodef-e-author-name\">Lizeth Mercedes Martel V\u00e1squez<\/span>\t<\/div>\n\t\t<\/div>\n\t<\/div>\n<\/div>\n<div class=\"qodef-e swiper-slide \">\n\t<div class=\"qodef-e-inner\">\n\t\t<div class=\"qodef-e-content\">\n\t\t\t<svg class=\"qodef-svg--mark-quote qodef-e-mark\" xmlns=\"http:\/\/www.w3.org\/2000\/svg\" xmlns:xlink=\"http:\/\/www.w3.org\/1999\/xlink\" width=\"18.7\" height=\"16.5\" viewBox=\"0 0 18.7 16.5\"><path d=\"M35.552,62.1V45.6h5.3l-1.2,16.5Zm-13.4,0V45.6h5.3l-1.2,16.5Z\" transform=\"translate(-22.152 -45.6)\" \/><\/svg>\t\t\t\t\t\t\t<div itemprop=\"description\" class=\"qodef-e-text\">&quot;100% recomendables. Vanesa y Merche&quot;<\/div>\n\t\t\t\t<div class=\"qodef-e-author\">\n\t\t<span class=\"qodef-e-author-name\">Marian Gil<\/span>\t<\/div>\n\t\t<\/div>\n\t<\/div>\n<\/div>\n\t<\/div>\n\t\t<div class=\"swiper-button-prev \"><svg class=\"qodef-svg--slider-arrow-left\" xmlns=\"http:\/\/www.w3.org\/2000\/svg\" xmlns:xlink=\"http:\/\/www.w3.org\/1999\/xlink\" width=\"16.121\" height=\"29.414\" viewBox=\"0 0 16.121 29.414\"><path d=\"M1446,1160l-14,14,14,14\" transform=\"translate(-1430.586 -1159.293)\" fill=\"none\" stroke-width=\"2\"\/><\/svg><\/div>\n\t<div class=\"swiper-button-next \"><svg class=\"qodef-svg--slider-arrow-right\" xmlns=\"http:\/\/www.w3.org\/2000\/svg\" xmlns:xlink=\"http:\/\/www.w3.org\/1999\/xlink\" width=\"16.121\" height=\"29.414\" viewBox=\"0 0 16.121 29.414\"><path d=\"M1432,1160l14,14-14,14\" transform=\"translate(-1431.293 -1159.293)\" fill=\"none\" stroke-width=\"2\"\/><\/svg><\/div>\n\t\t<div class=\"swiper-pagination\"><\/div>\n<\/div>\n\t\t\t\t<\/div>\n\t\t\t\t<\/div>\n\t\t\t\t\t<\/div>\n\t\t<\/div>\n\t\t\t\t\t<\/div>\n\t\t<\/section>\n\t\t\t\t<\/div>\n\t\t","protected":false},"excerpt":{"rendered":"<p>Would you like to make an appointment for any of our services? You can do it by phone, WhatsApp or in person in our salon. Sof\u00eda 23 \u00b7 VALENCIA C\/ Grabador Esteve, 3, 46004 Valencia +34 960 660 788 +34 667 963 546 Sof\u00eda 23 \u00b7 BARCELONA C\/ Calabria, 106, 08015 Barcelona +34 938 766 [&hellip;]<\/p>\n","protected":false},"author":3,"featured_media":0,"parent":0,"menu_order":0,"comment_status":"closed","ping_status":"closed","template":"page-full-width.php","meta":{"footnotes":""},"class_list":["post-5391","page","type-page","status-publish","hentry"],"yoast_head":"<!-- This site is optimized with the Yoast SEO plugin v27.3 - https:\/\/yoast.com\/product\/yoast-seo-wordpress\/ -->\n<title>Make an appointment - Sof\u00eda 23 \u00b7 Hair &amp; Nails<\/title>\n<meta name=\"robots\" content=\"index, follow, max-snippet:-1, max-image-preview:large, max-video-preview:-1\" \/>\n<link rel=\"canonical\" href=\"https:\/\/sofia23hairsalon.com\/pide-cita\/\" \/>\n<meta property=\"og:locale\" content=\"en_US\" \/>\n<meta property=\"og:type\" content=\"article\" \/>\n<meta property=\"og:title\" content=\"Make an appointment - Sof\u00eda 23 \u00b7 Hair &amp; Nails\" \/>\n<meta property=\"og:description\" content=\"Would you like to make an appointment for any of our services? You can do it by phone, WhatsApp or in person in our salon. Sof\u00eda 23 \u00b7 VALENCIA C\/ Grabador Esteve, 3, 46004 Valencia +34 960 660 788 +34 667 963 546 Sof\u00eda 23 \u00b7 BARCELONA C\/ Calabria, 106, 08015 Barcelona +34 938 766 [&hellip;]\" \/>\n<meta property=\"og:url\" content=\"https:\/\/sofia23hairsalon.com\/pide-cita\/\" \/>\n<meta property=\"og:site_name\" content=\"Sof\u00eda 23 \u00b7 Hair &amp; Nails\" \/>\n<meta property=\"article:publisher\" content=\"https:\/\/www.facebook.com\/Sofia23HairSalon\" \/>\n<meta property=\"article:modified_time\" content=\"2024-01-15T16:18:14+00:00\" \/>\n<meta name=\"twitter:card\" content=\"summary_large_image\" \/>\n<meta name=\"twitter:label1\" content=\"Est. reading time\" \/>\n\t<meta name=\"twitter:data1\" content=\"2 minutes\" \/>\n<script type=\"application\/ld+json\" class=\"yoast-schema-graph\">{\"@context\":\"https:\\\/\\\/schema.org\",\"@graph\":[{\"@type\":\"WebPage\",\"@id\":\"https:\\\/\\\/sofia23hairsalon.com\\\/pide-cita\\\/\",\"url\":\"https:\\\/\\\/sofia23hairsalon.com\\\/pide-cita\\\/\",\"name\":\"Make an appointment - Sof\u00eda 23 \u00b7 Hair &amp; Nails\",\"isPartOf\":{\"@id\":\"https:\\\/\\\/sofia23hairsalon.com\\\/#website\"},\"datePublished\":\"2023-01-10T08:31:00+00:00\",\"dateModified\":\"2024-01-15T16:18:14+00:00\",\"breadcrumb\":{\"@id\":\"https:\\\/\\\/sofia23hairsalon.com\\\/pide-cita\\\/#breadcrumb\"},\"inLanguage\":\"en-US\",\"potentialAction\":[{\"@type\":\"ReadAction\",\"target\":[\"https:\\\/\\\/sofia23hairsalon.com\\\/pide-cita\\\/\"]}]},{\"@type\":\"BreadcrumbList\",\"@id\":\"https:\\\/\\\/sofia23hairsalon.com\\\/pide-cita\\\/#breadcrumb\",\"itemListElement\":[{\"@type\":\"ListItem\",\"position\":1,\"name\":\"Portada\",\"item\":\"https:\\\/\\\/sofia23hairsalon.com\\\/\"},{\"@type\":\"ListItem\",\"position\":2,\"name\":\"Make an appointment\"}]},{\"@type\":\"WebSite\",\"@id\":\"https:\\\/\\\/sofia23hairsalon.com\\\/#website\",\"url\":\"https:\\\/\\\/sofia23hairsalon.com\\\/\",\"name\":\"Sof\u00eda 23 \u00b7 Hair &amp; Nails\",\"description\":\"Centro de peluquer\u00eda y estilismo by Sesderma\",\"publisher\":{\"@id\":\"https:\\\/\\\/sofia23hairsalon.com\\\/#organization\"},\"potentialAction\":[{\"@type\":\"SearchAction\",\"target\":{\"@type\":\"EntryPoint\",\"urlTemplate\":\"https:\\\/\\\/sofia23hairsalon.com\\\/?s={search_term_string}\"},\"query-input\":{\"@type\":\"PropertyValueSpecification\",\"valueRequired\":true,\"valueName\":\"search_term_string\"}}],\"inLanguage\":\"en-US\"},{\"@type\":\"Organization\",\"@id\":\"https:\\\/\\\/sofia23hairsalon.com\\\/#organization\",\"name\":\"Sof\u00eda 23 \u00b7 Hair &amp; Nails\",\"url\":\"https:\\\/\\\/sofia23hairsalon.com\\\/\",\"logo\":{\"@type\":\"ImageObject\",\"inLanguage\":\"en-US\",\"@id\":\"https:\\\/\\\/sofia23hairsalon.com\\\/#\\\/schema\\\/logo\\\/image\\\/\",\"url\":\"https:\\\/\\\/sofia23hairsalon.com\\\/wp-content\\\/uploads\\\/2023\\\/10\\\/Logo-Sofia23-original.png\",\"contentUrl\":\"https:\\\/\\\/sofia23hairsalon.com\\\/wp-content\\\/uploads\\\/2023\\\/10\\\/Logo-Sofia23-original.png\",\"width\":1790,\"height\":635,\"caption\":\"Sof\u00eda 23 \u00b7 Hair &amp; Nails\"},\"image\":{\"@id\":\"https:\\\/\\\/sofia23hairsalon.com\\\/#\\\/schema\\\/logo\\\/image\\\/\"},\"sameAs\":[\"https:\\\/\\\/www.facebook.com\\\/Sofia23HairSalon\",\"https:\\\/\\\/www.instagram.com\\\/reel\\\/Cmb6V6XI0nD\\\/\"]}]}<\/script>\n<!-- \/ Yoast SEO plugin. -->","yoast_head_json":{"title":"Make an appointment - Sof\u00eda 23 \u00b7 Hair &amp; Nails","robots":{"index":"index","follow":"follow","max-snippet":"max-snippet:-1","max-image-preview":"max-image-preview:large","max-video-preview":"max-video-preview:-1"},"canonical":"https:\/\/sofia23hairsalon.com\/pide-cita\/","og_locale":"en_US","og_type":"article","og_title":"Make an appointment - Sof\u00eda 23 \u00b7 Hair &amp; Nails","og_description":"Would you like to make an appointment for any of our services? You can do it by phone, WhatsApp or in person in our salon. Sof\u00eda 23 \u00b7 VALENCIA C\/ Grabador Esteve, 3, 46004 Valencia +34 960 660 788 +34 667 963 546 Sof\u00eda 23 \u00b7 BARCELONA C\/ Calabria, 106, 08015 Barcelona +34 938 766 [&hellip;]","og_url":"https:\/\/sofia23hairsalon.com\/pide-cita\/","og_site_name":"Sof\u00eda 23 \u00b7 Hair &amp; Nails","article_publisher":"https:\/\/www.facebook.com\/Sofia23HairSalon","article_modified_time":"2024-01-15T16:18:14+00:00","twitter_card":"summary_large_image","twitter_misc":{"Est. reading time":"2 minutes"},"schema":{"@context":"https:\/\/schema.org","@graph":[{"@type":"WebPage","@id":"https:\/\/sofia23hairsalon.com\/pide-cita\/","url":"https:\/\/sofia23hairsalon.com\/pide-cita\/","name":"Make an appointment - Sof\u00eda 23 \u00b7 Hair &amp; Nails","isPartOf":{"@id":"https:\/\/sofia23hairsalon.com\/#website"},"datePublished":"2023-01-10T08:31:00+00:00","dateModified":"2024-01-15T16:18:14+00:00","breadcrumb":{"@id":"https:\/\/sofia23hairsalon.com\/pide-cita\/#breadcrumb"},"inLanguage":"en-US","potentialAction":[{"@type":"ReadAction","target":["https:\/\/sofia23hairsalon.com\/pide-cita\/"]}]},{"@type":"BreadcrumbList","@id":"https:\/\/sofia23hairsalon.com\/pide-cita\/#breadcrumb","itemListElement":[{"@type":"ListItem","position":1,"name":"Portada","item":"https:\/\/sofia23hairsalon.com\/"},{"@type":"ListItem","position":2,"name":"Make an appointment"}]},{"@type":"WebSite","@id":"https:\/\/sofia23hairsalon.com\/#website","url":"https:\/\/sofia23hairsalon.com\/","name":"Sof\u00eda 23 \u00b7 Hair &amp; Nails","description":"Centro de peluquer\u00eda y estilismo by Sesderma","publisher":{"@id":"https:\/\/sofia23hairsalon.com\/#organization"},"potentialAction":[{"@type":"SearchAction","target":{"@type":"EntryPoint","urlTemplate":"https:\/\/sofia23hairsalon.com\/?s={search_term_string}"},"query-input":{"@type":"PropertyValueSpecification","valueRequired":true,"valueName":"search_term_string"}}],"inLanguage":"en-US"},{"@type":"Organization","@id":"https:\/\/sofia23hairsalon.com\/#organization","name":"Sof\u00eda 23 \u00b7 Hair &amp; Nails","url":"https:\/\/sofia23hairsalon.com\/","logo":{"@type":"ImageObject","inLanguage":"en-US","@id":"https:\/\/sofia23hairsalon.com\/#\/schema\/logo\/image\/","url":"https:\/\/sofia23hairsalon.com\/wp-content\/uploads\/2023\/10\/Logo-Sofia23-original.png","contentUrl":"https:\/\/sofia23hairsalon.com\/wp-content\/uploads\/2023\/10\/Logo-Sofia23-original.png","width":1790,"height":635,"caption":"Sof\u00eda 23 \u00b7 Hair &amp; Nails"},"image":{"@id":"https:\/\/sofia23hairsalon.com\/#\/schema\/logo\/image\/"},"sameAs":["https:\/\/www.facebook.com\/Sofia23HairSalon","https:\/\/www.instagram.com\/reel\/Cmb6V6XI0nD\/"]}]}},"_links":{"self":[{"href":"https:\/\/sofia23hairsalon.com\/en\/wp-json\/wp\/v2\/pages\/5391","targetHints":{"allow":["GET"]}}],"collection":[{"href":"https:\/\/sofia23hairsalon.com\/en\/wp-json\/wp\/v2\/pages"}],"about":[{"href":"https:\/\/sofia23hairsalon.com\/en\/wp-json\/wp\/v2\/types\/page"}],"author":[{"embeddable":true,"href":"https:\/\/sofia23hairsalon.com\/en\/wp-json\/wp\/v2\/users\/3"}],"replies":[{"embeddable":true,"href":"https:\/\/sofia23hairsalon.com\/en\/wp-json\/wp\/v2\/comments?post=5391"}],"version-history":[{"count":6,"href":"https:\/\/sofia23hairsalon.com\/en\/wp-json\/wp\/v2\/pages\/5391\/revisions"}],"predecessor-version":[{"id":5635,"href":"https:\/\/sofia23hairsalon.com\/en\/wp-json\/wp\/v2\/pages\/5391\/revisions\/5635"}],"wp:attachment":[{"href":"https:\/\/sofia23hairsalon.com\/en\/wp-json\/wp\/v2\/media?parent=5391"}],"curies":[{"name":"wp","href":"https:\/\/api.w.org\/{rel}","templated":true}]}}